{"id":445,"date":"2014-12-10T13:37:56","date_gmt":"2014-12-10T18:37:56","guid":{"rendered":"http:\/\/lamaisonducinema.com\/?page_id=445"},"modified":"2016-10-03T16:04:09","modified_gmt":"2016-10-03T20:04:09","slug":"opera","status":"publish","type":"page","link":"https:\/\/lamaisonducinema.com\/en\/opera\/","title":{"rendered":"Opera"},"content":{"rendered":"<div class=\"row\">\n<div class=\"col-md-5\">\n<img loading=\"lazy\" decoding=\"async\" class=\"alignnone size-full wp-image-567\" src=\"http:\/\/lamaisonducinema.com\/wp-content\/uploads\/ballet-sherbrooke.jpg\" alt=\"ballet-sherbrooke\" width=\"1000\" height=\"857\" \/><\/p>\n[spacer height=&#8221;40&#8243;]\n<p><img loading=\"lazy\" decoding=\"async\" class=\"alignnone size-full wp-image-568\" src=\"http:\/\/lamaisonducinema.com\/wp-content\/uploads\/opera-ballet-cinema-sherbrooke.jpg\" alt=\"opera-ballet-cinema-sherbrooke\" width=\"1000\" height=\"747\" \/><br \/>\n<\/div>\n<div class=\"col-md-1\"><\/div>\n<div class=\"col-md-6\">\n<h2>Operas, ballets and plays !<\/h2>\n[break]\nFor a fourth\u00a0year, La Maison du Cin\u00e9ma partners with many other Quebec independent theatres to show the most famous operas, ballets and plays on our screens.<\/p>\n<p>Reaching more than 855 000 people with live showings and reruns in theatres all across Europe, we are proud to offer this exclusive content, from the most prestigious venues in the world.<\/p>\n[break]\n[cbutton class=&#8221;white_border&#8221; href=&#8221;http:\/\/cinespectacle.com\/programme_cinespectacle_201617_final.pdf&#8221; target=&#8221;_blank&#8221;]See the complete programming of the 2016-2017 season[\/cbutton][break][break]\n[cbutton class=&#8221;red&#8221; href=&#8221;http:\/\/lamaisonducinema.com\/tarifs-promos\/&#8221; target=&#8221;_blank&#8221;]See Admission Prices[\/cbutton]\n<\/div>\n<\/div>\n","protected":false},"excerpt":{"rendered":"","protected":false},"author":1,"featured_media":0,"parent":0,"menu_order":0,"comment_status":"closed","ping_status":"closed","template":"","meta":{"_acf_changed":false,"_eb_attr":"","footnotes":""},"class_list":["post-445","page","type-page","status-publish","hentry"],"acf":[],"yoast_head":"<!-- This site is optimized with the Yoast SEO plugin v27.3 - https:\/\/yoast.com\/product\/yoast-seo-wordpress\/ -->\n<title>Opera theater \u2013 Opera in Sherbrooke | La Maison Du Cin\u00e9ma<\/title>\n<meta name=\"description\" content=\"La Maison du Cin\u00e9ma from Sherbrooke welcomes for the first time in north-america the Op\u00e9ra national de Paris.\" \/>\n<meta name=\"robots\" content=\"index, follow, max-snippet:-1, max-image-preview:large, max-video-preview:-1\" \/>\n<link rel=\"canonical\" href=\"https:\/\/lamaisonducinema.com\/en\/opera\/\" \/>\n<meta property=\"og:locale\" content=\"en_US\" \/>\n<meta property=\"og:type\" content=\"article\" \/>\n<meta property=\"og:title\" content=\"Opera theater \u2013 Opera in Sherbrooke | La Maison Du Cin\u00e9ma\" \/>\n<meta property=\"og:description\" content=\"La Maison du Cin\u00e9ma from Sherbrooke welcomes for the first time in north-america the Op\u00e9ra national de Paris.\" \/>\n<meta property=\"og:url\" content=\"https:\/\/lamaisonducinema.com\/en\/opera\/\" \/>\n<meta property=\"og:site_name\" content=\"La maison du cin\u00e9ma\" \/>\n<meta property=\"article:publisher\" content=\"https:\/\/www.facebook.com\/maisonducinema\/\" \/>\n<meta property=\"article:modified_time\" content=\"2016-10-03T20:04:09+00:00\" \/>\n<meta property=\"og:image\" content=\"http:\/\/lamaisonducinema.com\/wp-content\/uploads\/ballet-sherbrooke.jpg\" \/>\n<meta name=\"twitter:label1\" content=\"Est. reading time\" \/>\n\t<meta name=\"twitter:data1\" content=\"1 minute\" \/>\n<script type=\"application\/ld+json\" class=\"yoast-schema-graph\">{\"@context\":\"https:\\\/\\\/schema.org\",\"@graph\":[{\"@type\":\"WebPage\",\"@id\":\"https:\\\/\\\/lamaisonducinema.com\\\/en\\\/opera\\\/\",\"url\":\"https:\\\/\\\/lamaisonducinema.com\\\/en\\\/opera\\\/\",\"name\":\"Opera theater \u2013 Opera in Sherbrooke | La Maison Du Cin\u00e9ma\",\"isPartOf\":{\"@id\":\"https:\\\/\\\/lamaisonducinema.com\\\/en\\\/#website\"},\"primaryImageOfPage\":{\"@id\":\"https:\\\/\\\/lamaisonducinema.com\\\/en\\\/opera\\\/#primaryimage\"},\"image\":{\"@id\":\"https:\\\/\\\/lamaisonducinema.com\\\/en\\\/opera\\\/#primaryimage\"},\"thumbnailUrl\":\"http:\\\/\\\/lamaisonducinema.com\\\/wp-content\\\/uploads\\\/ballet-sherbrooke.jpg\",\"datePublished\":\"2014-12-10T18:37:56+00:00\",\"dateModified\":\"2016-10-03T20:04:09+00:00\",\"description\":\"La Maison du Cin\u00e9ma from Sherbrooke welcomes for the first time in north-america the Op\u00e9ra national de Paris.\",\"breadcrumb\":{\"@id\":\"https:\\\/\\\/lamaisonducinema.com\\\/en\\\/opera\\\/#breadcrumb\"},\"inLanguage\":\"en-US\",\"potentialAction\":[{\"@type\":\"ReadAction\",\"target\":[\"https:\\\/\\\/lamaisonducinema.com\\\/en\\\/opera\\\/\"]}]},{\"@type\":\"ImageObject\",\"inLanguage\":\"en-US\",\"@id\":\"https:\\\/\\\/lamaisonducinema.com\\\/en\\\/opera\\\/#primaryimage\",\"url\":\"http:\\\/\\\/lamaisonducinema.com\\\/wp-content\\\/uploads\\\/ballet-sherbrooke.jpg\",\"contentUrl\":\"http:\\\/\\\/lamaisonducinema.com\\\/wp-content\\\/uploads\\\/ballet-sherbrooke.jpg\"},{\"@type\":\"BreadcrumbList\",\"@id\":\"https:\\\/\\\/lamaisonducinema.com\\\/en\\\/opera\\\/#breadcrumb\",\"itemListElement\":[{\"@type\":\"ListItem\",\"position\":1,\"name\":\"Accueil\",\"item\":\"https:\\\/\\\/lamaisonducinema.com\\\/en\\\/\"},{\"@type\":\"ListItem\",\"position\":2,\"name\":\"Opera\"}]},{\"@type\":\"WebSite\",\"@id\":\"https:\\\/\\\/lamaisonducinema.com\\\/en\\\/#website\",\"url\":\"https:\\\/\\\/lamaisonducinema.com\\\/en\\\/\",\"name\":\"La maison du cin\u00e9ma\",\"description\":\"Cin\u00e9ma au centre-ville de Sherbrooke\",\"publisher\":{\"@id\":\"https:\\\/\\\/lamaisonducinema.com\\\/en\\\/#organization\"},\"potentialAction\":[{\"@type\":\"SearchAction\",\"target\":{\"@type\":\"EntryPoint\",\"urlTemplate\":\"https:\\\/\\\/lamaisonducinema.com\\\/en\\\/?s={search_term_string}\"},\"query-input\":{\"@type\":\"PropertyValueSpecification\",\"valueRequired\":true,\"valueName\":\"search_term_string\"}}],\"inLanguage\":\"en-US\"},{\"@type\":\"Organization\",\"@id\":\"https:\\\/\\\/lamaisonducinema.com\\\/en\\\/#organization\",\"name\":\"La maison du cin\u00e9ma\",\"url\":\"https:\\\/\\\/lamaisonducinema.com\\\/en\\\/\",\"logo\":{\"@type\":\"ImageObject\",\"inLanguage\":\"en-US\",\"@id\":\"https:\\\/\\\/lamaisonducinema.com\\\/en\\\/#\\\/schema\\\/logo\\\/image\\\/\",\"url\":\"https:\\\/\\\/lamaisonducinema.com\\\/wp-content\\\/uploads\\\/logo.png\",\"contentUrl\":\"https:\\\/\\\/lamaisonducinema.com\\\/wp-content\\\/uploads\\\/logo.png\",\"width\":217,\"height\":30,\"caption\":\"La maison du cin\u00e9ma\"},\"image\":{\"@id\":\"https:\\\/\\\/lamaisonducinema.com\\\/en\\\/#\\\/schema\\\/logo\\\/image\\\/\"},\"sameAs\":[\"https:\\\/\\\/www.facebook.com\\\/maisonducinema\\\/\"]}]}<\/script>\n<!-- \/ Yoast SEO plugin. -->","yoast_head_json":{"title":"Opera theater \u2013 Opera in Sherbrooke | La Maison Du Cin\u00e9ma","description":"La Maison du Cin\u00e9ma from Sherbrooke welcomes for the first time in north-america the Op\u00e9ra national de Paris.","robots":{"index":"index","follow":"follow","max-snippet":"max-snippet:-1","max-image-preview":"max-image-preview:large","max-video-preview":"max-video-preview:-1"},"canonical":"https:\/\/lamaisonducinema.com\/en\/opera\/","og_locale":"en_US","og_type":"article","og_title":"Opera theater \u2013 Opera in Sherbrooke | La Maison Du Cin\u00e9ma","og_description":"La Maison du Cin\u00e9ma from Sherbrooke welcomes for the first time in north-america the Op\u00e9ra national de Paris.","og_url":"https:\/\/lamaisonducinema.com\/en\/opera\/","og_site_name":"La maison du cin\u00e9ma","article_publisher":"https:\/\/www.facebook.com\/maisonducinema\/","article_modified_time":"2016-10-03T20:04:09+00:00","og_image":[{"url":"http:\/\/lamaisonducinema.com\/wp-content\/uploads\/ballet-sherbrooke.jpg","type":"","width":"","height":""}],"twitter_misc":{"Est. reading time":"1 minute"},"schema":{"@context":"https:\/\/schema.org","@graph":[{"@type":"WebPage","@id":"https:\/\/lamaisonducinema.com\/en\/opera\/","url":"https:\/\/lamaisonducinema.com\/en\/opera\/","name":"Opera theater \u2013 Opera in Sherbrooke | La Maison Du Cin\u00e9ma","isPartOf":{"@id":"https:\/\/lamaisonducinema.com\/en\/#website"},"primaryImageOfPage":{"@id":"https:\/\/lamaisonducinema.com\/en\/opera\/#primaryimage"},"image":{"@id":"https:\/\/lamaisonducinema.com\/en\/opera\/#primaryimage"},"thumbnailUrl":"http:\/\/lamaisonducinema.com\/wp-content\/uploads\/ballet-sherbrooke.jpg","datePublished":"2014-12-10T18:37:56+00:00","dateModified":"2016-10-03T20:04:09+00:00","description":"La Maison du Cin\u00e9ma from Sherbrooke welcomes for the first time in north-america the Op\u00e9ra national de Paris.","breadcrumb":{"@id":"https:\/\/lamaisonducinema.com\/en\/opera\/#breadcrumb"},"inLanguage":"en-US","potentialAction":[{"@type":"ReadAction","target":["https:\/\/lamaisonducinema.com\/en\/opera\/"]}]},{"@type":"ImageObject","inLanguage":"en-US","@id":"https:\/\/lamaisonducinema.com\/en\/opera\/#primaryimage","url":"http:\/\/lamaisonducinema.com\/wp-content\/uploads\/ballet-sherbrooke.jpg","contentUrl":"http:\/\/lamaisonducinema.com\/wp-content\/uploads\/ballet-sherbrooke.jpg"},{"@type":"BreadcrumbList","@id":"https:\/\/lamaisonducinema.com\/en\/opera\/#breadcrumb","itemListElement":[{"@type":"ListItem","position":1,"name":"Accueil","item":"https:\/\/lamaisonducinema.com\/en\/"},{"@type":"ListItem","position":2,"name":"Opera"}]},{"@type":"WebSite","@id":"https:\/\/lamaisonducinema.com\/en\/#website","url":"https:\/\/lamaisonducinema.com\/en\/","name":"La maison du cin\u00e9ma","description":"Cin\u00e9ma au centre-ville de Sherbrooke","publisher":{"@id":"https:\/\/lamaisonducinema.com\/en\/#organization"},"potentialAction":[{"@type":"SearchAction","target":{"@type":"EntryPoint","urlTemplate":"https:\/\/lamaisonducinema.com\/en\/?s={search_term_string}"},"query-input":{"@type":"PropertyValueSpecification","valueRequired":true,"valueName":"search_term_string"}}],"inLanguage":"en-US"},{"@type":"Organization","@id":"https:\/\/lamaisonducinema.com\/en\/#organization","name":"La maison du cin\u00e9ma","url":"https:\/\/lamaisonducinema.com\/en\/","logo":{"@type":"ImageObject","inLanguage":"en-US","@id":"https:\/\/lamaisonducinema.com\/en\/#\/schema\/logo\/image\/","url":"https:\/\/lamaisonducinema.com\/wp-content\/uploads\/logo.png","contentUrl":"https:\/\/lamaisonducinema.com\/wp-content\/uploads\/logo.png","width":217,"height":30,"caption":"La maison du cin\u00e9ma"},"image":{"@id":"https:\/\/lamaisonducinema.com\/en\/#\/schema\/logo\/image\/"},"sameAs":["https:\/\/www.facebook.com\/maisonducinema\/"]}]}},"_links":{"self":[{"href":"https:\/\/lamaisonducinema.com\/en\/wp-json\/wp\/v2\/pages\/445","targetHints":{"allow":["GET"]}}],"collection":[{"href":"https:\/\/lamaisonducinema.com\/en\/wp-json\/wp\/v2\/pages"}],"about":[{"href":"https:\/\/lamaisonducinema.com\/en\/wp-json\/wp\/v2\/types\/page"}],"author":[{"embeddable":true,"href":"https:\/\/lamaisonducinema.com\/en\/wp-json\/wp\/v2\/users\/1"}],"replies":[{"embeddable":true,"href":"https:\/\/lamaisonducinema.com\/en\/wp-json\/wp\/v2\/comments?post=445"}],"version-history":[{"count":0,"href":"https:\/\/lamaisonducinema.com\/en\/wp-json\/wp\/v2\/pages\/445\/revisions"}],"wp:attachment":[{"href":"https:\/\/lamaisonducinema.com\/en\/wp-json\/wp\/v2\/media?parent=445"}],"curies":[{"name":"wp","href":"https:\/\/api.w.org\/{rel}","templated":true}]}}