{"id":239,"date":"2014-12-03T13:45:29","date_gmt":"2014-12-03T18:45:29","guid":{"rendered":"http:\/\/lamaisonducinema.com\/?page_id=239"},"modified":"2014-12-17T10:21:56","modified_gmt":"2014-12-17T15:21:56","slug":"privacy-policy","status":"publish","type":"page","link":"https:\/\/lamaisonducinema.com\/en\/privacy-policy\/","title":{"rendered":"Privacy Policy"},"content":{"rendered":"<div class=\"row\">\n<div class=\"col-lg-6\">\n<p><strong>Privacy policy, valid starting Dec 17th, 2014<\/strong><\/p>\n<p>The following Privacy Policy explains how La Maison du Cinema treats the personnal data that you give them through their website. If not mentioned otherwise, this Privacy Policy does not apply to personal information collected offline or by third party website to which La Maison du Cinema\u2019s website could have links to. The use of the website is subject to the following Privacy policy.<\/p>\n<p>What is the meaning of \u00ab\u00a0personal information\u00a0\u00bb as used in the current Privacy policy ?<\/p>\n<p>The \u00ab\u00a0personal information\u00a0\u00bb is defined as information allowing La Maison du Cinema to identify you or that could be used to identify you and that is collected through the website. Your name, address, email and phone number are examples of \u00ab\u00a0personal information\u00a0\u00bb.<\/p>\n<p>How does La Maison du Cin\u00e9ma collects personal information online ?<\/p>\n<p>La Maison du Cin\u00e9ma collects two types of personal information :<\/p>\n<ul>\n<li>Personal information that you give them :<\/li>\n<\/ul>\n<p>La Maison du Cin\u00e9ma collects personal infomration that you enter within the data fields on the website. For example, you can enter you name and email to subscribe to the newsletter, post a comment about a movie or to send us a comment, ask for information or to apply for a position.<\/p>\n<p>To protect your personal information, you should not send La Maison du Cin\u00e9ma information that is not specifically required.<\/p>\n<ul>\n<li>Passive collection of personal information<\/li>\n<\/ul>\n<p>Using the website, La Maison du Cin\u00e9ma can collect data about your visits on the site without you having to send them such information. Different technological means such as cookies and invisible pixels are used to collect non-personal information.<\/p>\n<p>Using these, your web browser automatically sends the website non personnal information such as the URL of the website that you just visited and the version of the browser you are using. These technologies can facilitate the use of the website by allowing La Maison du Cin\u00e9ma to offer a better service, personalize their website by taking into account the users preferences, to get statistics, to analyze tendencies as well as administer and better the website many other ways. Elements of the website could not work properly without the collection of this non-personal information. The information collected this way cannot be used to identify you without additional personal information.<\/p>\n<p>Does La Maison du Cin\u00e9ma communicates personal information to third parties ?<\/p>\n<p>If not mentioned otherwise within the current Privacy Policy, La Maison du Cin\u00e9ma will not give your personal information to third parties. La Maison du Cin\u00e9ma can give your personal information without your consent to suppliers that are working with La Maison du Cin\u00e9ma. La Maison du Cin\u00e9ma asks these suppliers to keep the information confidential and to use them only within their work related with La Maison du Cin\u00e9ma. For example, we have to give your email to our technical supplier when you subscribe to our newsletter for you to receive it.<\/p>\n<p>Please do not hesitate to contact us should you have any questions or comments regarding our Privacy Policy.<\/p>\n<\/div>\n<div class=\"col-lg-6\">\n<\/div>\n<\/div>\n","protected":false},"excerpt":{"rendered":"","protected":false},"author":1,"featured_media":0,"parent":0,"menu_order":0,"comment_status":"closed","ping_status":"closed","template":"","meta":{"_acf_changed":false,"_eb_attr":"","footnotes":""},"class_list":["post-239","page","type-page","status-publish","hentry"],"acf":[],"yoast_head":"<!-- This site is optimized with the Yoast SEO plugin v27.3 - https:\/\/yoast.com\/product\/yoast-seo-wordpress\/ -->\n<title>Privacy Policy - La maison du cin\u00e9ma<\/title>\n<meta name=\"robots\" content=\"index, follow, max-snippet:-1, max-image-preview:large, max-video-preview:-1\" \/>\n<link rel=\"canonical\" href=\"https:\/\/lamaisonducinema.com\/en\/privacy-policy\/\" \/>\n<meta property=\"og:locale\" content=\"en_US\" \/>\n<meta property=\"og:type\" content=\"article\" \/>\n<meta property=\"og:title\" content=\"Privacy Policy - La maison du cin\u00e9ma\" \/>\n<meta property=\"og:url\" content=\"https:\/\/lamaisonducinema.com\/en\/privacy-policy\/\" \/>\n<meta property=\"og:site_name\" content=\"La maison du cin\u00e9ma\" \/>\n<meta property=\"article:publisher\" content=\"https:\/\/www.facebook.com\/maisonducinema\/\" \/>\n<meta property=\"article:modified_time\" content=\"2014-12-17T15:21:56+00:00\" \/>\n<meta property=\"og:image\" content=\"http:\/\/lamaisonducinema.com\/wp-content\/uploads\/2014\/12\/maisonducinema.jpg\" \/>\n<meta name=\"twitter:label1\" content=\"Est. reading time\" \/>\n\t<meta name=\"twitter:data1\" content=\"3 minutes\" \/>\n<script type=\"application\/ld+json\" class=\"yoast-schema-graph\">{\"@context\":\"https:\\\/\\\/schema.org\",\"@graph\":[{\"@type\":\"WebPage\",\"@id\":\"https:\\\/\\\/lamaisonducinema.com\\\/en\\\/privacy-policy\\\/\",\"url\":\"https:\\\/\\\/lamaisonducinema.com\\\/en\\\/privacy-policy\\\/\",\"name\":\"Privacy Policy - La maison du cin\u00e9ma\",\"isPartOf\":{\"@id\":\"https:\\\/\\\/lamaisonducinema.com\\\/en\\\/#website\"},\"datePublished\":\"2014-12-03T18:45:29+00:00\",\"dateModified\":\"2014-12-17T15:21:56+00:00\",\"breadcrumb\":{\"@id\":\"https:\\\/\\\/lamaisonducinema.com\\\/en\\\/privacy-policy\\\/#breadcrumb\"},\"inLanguage\":\"en-US\",\"potentialAction\":[{\"@type\":\"ReadAction\",\"target\":[\"https:\\\/\\\/lamaisonducinema.com\\\/en\\\/privacy-policy\\\/\"]}]},{\"@type\":\"BreadcrumbList\",\"@id\":\"https:\\\/\\\/lamaisonducinema.com\\\/en\\\/privacy-policy\\\/#breadcrumb\",\"itemListElement\":[{\"@type\":\"ListItem\",\"position\":1,\"name\":\"Accueil\",\"item\":\"https:\\\/\\\/lamaisonducinema.com\\\/en\\\/\"},{\"@type\":\"ListItem\",\"position\":2,\"name\":\"Privacy Policy\"}]},{\"@type\":\"WebSite\",\"@id\":\"https:\\\/\\\/lamaisonducinema.com\\\/en\\\/#website\",\"url\":\"https:\\\/\\\/lamaisonducinema.com\\\/en\\\/\",\"name\":\"La maison du cin\u00e9ma\",\"description\":\"Cin\u00e9ma au centre-ville de Sherbrooke\",\"publisher\":{\"@id\":\"https:\\\/\\\/lamaisonducinema.com\\\/en\\\/#organization\"},\"potentialAction\":[{\"@type\":\"SearchAction\",\"target\":{\"@type\":\"EntryPoint\",\"urlTemplate\":\"https:\\\/\\\/lamaisonducinema.com\\\/en\\\/?s={search_term_string}\"},\"query-input\":{\"@type\":\"PropertyValueSpecification\",\"valueRequired\":true,\"valueName\":\"search_term_string\"}}],\"inLanguage\":\"en-US\"},{\"@type\":\"Organization\",\"@id\":\"https:\\\/\\\/lamaisonducinema.com\\\/en\\\/#organization\",\"name\":\"La maison du cin\u00e9ma\",\"url\":\"https:\\\/\\\/lamaisonducinema.com\\\/en\\\/\",\"logo\":{\"@type\":\"ImageObject\",\"inLanguage\":\"en-US\",\"@id\":\"https:\\\/\\\/lamaisonducinema.com\\\/en\\\/#\\\/schema\\\/logo\\\/image\\\/\",\"url\":\"https:\\\/\\\/lamaisonducinema.com\\\/wp-content\\\/uploads\\\/logo.png\",\"contentUrl\":\"https:\\\/\\\/lamaisonducinema.com\\\/wp-content\\\/uploads\\\/logo.png\",\"width\":217,\"height\":30,\"caption\":\"La maison du cin\u00e9ma\"},\"image\":{\"@id\":\"https:\\\/\\\/lamaisonducinema.com\\\/en\\\/#\\\/schema\\\/logo\\\/image\\\/\"},\"sameAs\":[\"https:\\\/\\\/www.facebook.com\\\/maisonducinema\\\/\"]}]}<\/script>\n<!-- \/ Yoast SEO plugin. -->","yoast_head_json":{"title":"Privacy Policy - La maison du cin\u00e9ma","robots":{"index":"index","follow":"follow","max-snippet":"max-snippet:-1","max-image-preview":"max-image-preview:large","max-video-preview":"max-video-preview:-1"},"canonical":"https:\/\/lamaisonducinema.com\/en\/privacy-policy\/","og_locale":"en_US","og_type":"article","og_title":"Privacy Policy - La maison du cin\u00e9ma","og_url":"https:\/\/lamaisonducinema.com\/en\/privacy-policy\/","og_site_name":"La maison du cin\u00e9ma","article_publisher":"https:\/\/www.facebook.com\/maisonducinema\/","article_modified_time":"2014-12-17T15:21:56+00:00","og_image":[{"url":"http:\/\/lamaisonducinema.com\/wp-content\/uploads\/2014\/12\/maisonducinema.jpg","type":"","width":"","height":""}],"twitter_misc":{"Est. reading time":"3 minutes"},"schema":{"@context":"https:\/\/schema.org","@graph":[{"@type":"WebPage","@id":"https:\/\/lamaisonducinema.com\/en\/privacy-policy\/","url":"https:\/\/lamaisonducinema.com\/en\/privacy-policy\/","name":"Privacy Policy - La maison du cin\u00e9ma","isPartOf":{"@id":"https:\/\/lamaisonducinema.com\/en\/#website"},"datePublished":"2014-12-03T18:45:29+00:00","dateModified":"2014-12-17T15:21:56+00:00","breadcrumb":{"@id":"https:\/\/lamaisonducinema.com\/en\/privacy-policy\/#breadcrumb"},"inLanguage":"en-US","potentialAction":[{"@type":"ReadAction","target":["https:\/\/lamaisonducinema.com\/en\/privacy-policy\/"]}]},{"@type":"BreadcrumbList","@id":"https:\/\/lamaisonducinema.com\/en\/privacy-policy\/#breadcrumb","itemListElement":[{"@type":"ListItem","position":1,"name":"Accueil","item":"https:\/\/lamaisonducinema.com\/en\/"},{"@type":"ListItem","position":2,"name":"Privacy Policy"}]},{"@type":"WebSite","@id":"https:\/\/lamaisonducinema.com\/en\/#website","url":"https:\/\/lamaisonducinema.com\/en\/","name":"La maison du cin\u00e9ma","description":"Cin\u00e9ma au centre-ville de Sherbrooke","publisher":{"@id":"https:\/\/lamaisonducinema.com\/en\/#organization"},"potentialAction":[{"@type":"SearchAction","target":{"@type":"EntryPoint","urlTemplate":"https:\/\/lamaisonducinema.com\/en\/?s={search_term_string}"},"query-input":{"@type":"PropertyValueSpecification","valueRequired":true,"valueName":"search_term_string"}}],"inLanguage":"en-US"},{"@type":"Organization","@id":"https:\/\/lamaisonducinema.com\/en\/#organization","name":"La maison du cin\u00e9ma","url":"https:\/\/lamaisonducinema.com\/en\/","logo":{"@type":"ImageObject","inLanguage":"en-US","@id":"https:\/\/lamaisonducinema.com\/en\/#\/schema\/logo\/image\/","url":"https:\/\/lamaisonducinema.com\/wp-content\/uploads\/logo.png","contentUrl":"https:\/\/lamaisonducinema.com\/wp-content\/uploads\/logo.png","width":217,"height":30,"caption":"La maison du cin\u00e9ma"},"image":{"@id":"https:\/\/lamaisonducinema.com\/en\/#\/schema\/logo\/image\/"},"sameAs":["https:\/\/www.facebook.com\/maisonducinema\/"]}]}},"_links":{"self":[{"href":"https:\/\/lamaisonducinema.com\/en\/wp-json\/wp\/v2\/pages\/239","targetHints":{"allow":["GET"]}}],"collection":[{"href":"https:\/\/lamaisonducinema.com\/en\/wp-json\/wp\/v2\/pages"}],"about":[{"href":"https:\/\/lamaisonducinema.com\/en\/wp-json\/wp\/v2\/types\/page"}],"author":[{"embeddable":true,"href":"https:\/\/lamaisonducinema.com\/en\/wp-json\/wp\/v2\/users\/1"}],"replies":[{"embeddable":true,"href":"https:\/\/lamaisonducinema.com\/en\/wp-json\/wp\/v2\/comments?post=239"}],"version-history":[{"count":0,"href":"https:\/\/lamaisonducinema.com\/en\/wp-json\/wp\/v2\/pages\/239\/revisions"}],"wp:attachment":[{"href":"https:\/\/lamaisonducinema.com\/en\/wp-json\/wp\/v2\/media?parent=239"}],"curies":[{"name":"wp","href":"https:\/\/api.w.org\/{rel}","templated":true}]}}