{"id":10586,"date":"2014-12-09T10:06:55","date_gmt":"2014-12-09T15:06:55","guid":{"rendered":"http:\/\/lamaisonducinema.com\/en\/events\/passeport\/"},"modified":"2025-09-04T10:03:25","modified_gmt":"2025-09-04T14:03:25","slug":"aventuriers","status":"publish","type":"page","link":"https:\/\/lamaisonducinema.com\/en\/aventuriers\/","title":{"rendered":"Les Aventuriers Voyageurs"},"content":{"rendered":"\n<h2 class=\"wp-block-heading\">Un superbe compl\u00e9ment \u00e0 la&nbsp;programmation r\u00e9guli\u00e8re. Bon voyage!<\/h2>\n\n\n\n<p>Nous sommes tr\u00e8s heureux de pouvoir vous offrir \u00e0 nouveau les magnifiques films de voyage des Aventuriers Voyageurs \u00e0 compter de l&#8217;automne 2025 !<\/p>\n\n\n\n<iframe loading=\"lazy\" title=\"Bande-annonce 2025-2026_version sans Montagne en Sc\u00e8ne\" src=\"https:\/\/player.vimeo.com\/video\/1090855135?dnt=1&amp;app_id=122963\" width=\"500\" height=\"281\" frameborder=\"0\" allow=\"autoplay; fullscreen; picture-in-picture; clipboard-write; encrypted-media; web-share\"><\/iframe>\n\n\n\n<p><\/p>\n\n\n\n<p>\u00c0 travers ces films de voyages palpitants, nous visiterons un nombre incroyable de destinations surprenantes.<\/p>\n\n\n\n<p>Les repr\u00e9sentations (saison 2025-2026)<\/p>\n\n\n\n<p>Dimanche 28 septembre et mercredi 1er octobre &#8211; <strong><a href=\"https:\/\/lamaisonducinema.com\/film\/les-aventuriers-voyageurs-antarctique-aux-confins-du-monde\/\">Antarctique \u2013 aux confins du monde<\/a><\/strong><br>Dimanche 19 octobre et Mercredi 22 octobre &#8211; <strong><a href=\"https:\/\/lamaisonducinema.com\/film\/les-aventuriers-voyageurs-tour-des-mondes-mes-coups-de-coeur-a-vie\/\">Tour des mondes \u2013 mes coups de c\u0153ur \u00e0 vie<\/a><\/strong><br>Jeudi 6 novembre, dimanche 9 novembre, mercredi 12 novembre et dimanche 16 novembre &#8211; <a href=\"https:\/\/lamaisonducinema.com\/film\/hors-serie-les-aventuriers-voyageurs-philippe-laprise-au-portugal\/\"><strong>***HORS-S\u00c9RIE HUMOUR***<\/strong> <strong>Philippe Laprise au Portugal<\/strong><\/a><br>Dimanche 30 novembre et mercredi 3 d\u00e9cembre &#8211; <strong><a href=\"https:\/\/lamaisonducinema.com\/film\/les-aventuriers-voyageurs-etonnante-turquie\/\">\u00c9tonnante Turquie<\/a><\/strong><br>Dimanche 18 janvier et mercredi 21 janvier &#8211; <strong><a href=\"https:\/\/lamaisonducinema.com\/film\/les-aventuriers-voyageurs-sicile-et-sardaigne-les-iles-italiennes\/\">Sicile et Sardaigne, les \u00eeles italiennes<\/a><\/strong><br>Dimanche 15 f\u00e9vrier et mercredi 18 f\u00e9vrier &#8211; <strong><a href=\"https:\/\/lamaisonducinema.com\/film\/les-aventuriers-voyageurs-norvege-pays-du-bonheur\/\">Norv\u00e8ge, pays du bonheur<\/a><\/strong><br>Dimanche 8 mars et mercredi 11 mars &#8211; <strong><a href=\"https:\/\/lamaisonducinema.com\/film\/les-aventuriers-voyageurs-dubai-et-oman-entre-nature-et-demesure\/\">Duba\u00ef et Oman, entre nature et d\u00e9mesure<\/a><\/strong><br>Mercredi 25 mars et dimanche 29 mars- <strong><a href=\"https:\/\/lamaisonducinema.com\/film\/les-aventuriers-voyageurs-afrique-du-sud-2-sur-les-routes\/\">Afrique du Sud 2 \u2013 sur les routes<\/a><\/strong><br>Dimanche 19 avril et mercredi 22 avril &#8211; <strong><a href=\"https:\/\/lamaisonducinema.com\/film\/les-aventuriers-voyageurs-les-pyrenees-la-grande-traversee\/\">Les Pyr\u00e9n\u00e9es, la grande travers\u00e9e<\/a><\/strong><\/p>\n\n\n\n<p>*Les repr\u00e9sentations&nbsp;du dimanche ont lieu \u00e0 15h30 et celles du mercredi sont \u00e0 19h00.<\/p>\n","protected":false},"excerpt":{"rendered":"<p>Un superbe compl\u00e9ment \u00e0 la&nbsp;programmation r\u00e9guli\u00e8re. Bon voyage! Nous sommes tr\u00e8s heureux de pouvoir vous offrir \u00e0 nouveau les magnifiques films de voyage des Aventuriers Voyageurs \u00e0 compter de l&#8217;automne 2025 ! \u00c0 travers ces films de voyages palpitants, nous visiterons un nombre incroyable de destinations surprenantes. Les repr\u00e9sentations (saison 2025-2026) Dimanche 28 septembre et [&hellip;]<\/p>\n","protected":false},"author":1,"featured_media":0,"parent":0,"menu_order":0,"comment_status":"closed","ping_status":"closed","template":"","meta":{"_acf_changed":false,"_eb_attr":"","footnotes":""},"class_list":["post-10586","page","type-page","status-publish","hentry"],"acf":[],"yoast_head":"<!-- This site is optimized with the Yoast SEO plugin v27.3 - https:\/\/yoast.com\/product\/yoast-seo-wordpress\/ -->\n<title>Aventuriers Voyageurs - Sherbrooke | Maison Du Cin\u00e9ma<\/title>\n<meta name=\"description\" content=\"D\u00e9couvrez une vari\u00e9t\u00e9 de destinations gr\u00e2ce \u00e0 des films de voyage de grande qualit\u00e9 pr\u00e9sent\u00e9s en salle de cin\u00e9ma. Bon voyage !\" \/>\n<meta name=\"robots\" content=\"index, follow, max-snippet:-1, max-image-preview:large, max-video-preview:-1\" \/>\n<link rel=\"canonical\" href=\"https:\/\/lamaisonducinema.com\/en\/aventuriers\/\" \/>\n<meta property=\"og:locale\" content=\"en_US\" \/>\n<meta property=\"og:type\" content=\"article\" \/>\n<meta property=\"og:title\" content=\"Aventuriers Voyageurs - Sherbrooke | Maison Du Cin\u00e9ma\" \/>\n<meta property=\"og:description\" content=\"D\u00e9couvrez une vari\u00e9t\u00e9 de destinations gr\u00e2ce \u00e0 des films de voyage de grande qualit\u00e9 pr\u00e9sent\u00e9s en salle de cin\u00e9ma. Bon voyage !\" \/>\n<meta property=\"og:url\" content=\"https:\/\/lamaisonducinema.com\/en\/aventuriers\/\" \/>\n<meta property=\"og:site_name\" content=\"La maison du cin\u00e9ma\" \/>\n<meta property=\"article:publisher\" content=\"https:\/\/www.facebook.com\/maisonducinema\/\" \/>\n<meta property=\"article:modified_time\" content=\"2025-09-04T14:03:25+00:00\" \/>\n<meta property=\"og:image\" content=\"http:\/\/lamaisonducinema.com\/wp-content\/uploads\/2014\/12\/maisonducinema.jpg\" \/>\n<meta name=\"twitter:label1\" content=\"Est. reading time\" \/>\n\t<meta name=\"twitter:data1\" content=\"1 minute\" \/>\n<script type=\"application\/ld+json\" class=\"yoast-schema-graph\">{\"@context\":\"https:\\\/\\\/schema.org\",\"@graph\":[{\"@type\":\"WebPage\",\"@id\":\"https:\\\/\\\/lamaisonducinema.com\\\/en\\\/aventuriers\\\/\",\"url\":\"https:\\\/\\\/lamaisonducinema.com\\\/en\\\/aventuriers\\\/\",\"name\":\"Aventuriers Voyageurs - Sherbrooke | Maison Du Cin\u00e9ma\",\"isPartOf\":{\"@id\":\"https:\\\/\\\/lamaisonducinema.com\\\/en\\\/#website\"},\"datePublished\":\"2014-12-09T15:06:55+00:00\",\"dateModified\":\"2025-09-04T14:03:25+00:00\",\"description\":\"D\u00e9couvrez une vari\u00e9t\u00e9 de destinations gr\u00e2ce \u00e0 des films de voyage de grande qualit\u00e9 pr\u00e9sent\u00e9s en salle de cin\u00e9ma. Bon voyage !\",\"breadcrumb\":{\"@id\":\"https:\\\/\\\/lamaisonducinema.com\\\/en\\\/aventuriers\\\/#breadcrumb\"},\"inLanguage\":\"en-US\",\"potentialAction\":[{\"@type\":\"ReadAction\",\"target\":[\"https:\\\/\\\/lamaisonducinema.com\\\/en\\\/aventuriers\\\/\"]}]},{\"@type\":\"BreadcrumbList\",\"@id\":\"https:\\\/\\\/lamaisonducinema.com\\\/en\\\/aventuriers\\\/#breadcrumb\",\"itemListElement\":[{\"@type\":\"ListItem\",\"position\":1,\"name\":\"Accueil\",\"item\":\"https:\\\/\\\/lamaisonducinema.com\\\/en\\\/\"},{\"@type\":\"ListItem\",\"position\":2,\"name\":\"Les Aventuriers Voyageurs\"}]},{\"@type\":\"WebSite\",\"@id\":\"https:\\\/\\\/lamaisonducinema.com\\\/en\\\/#website\",\"url\":\"https:\\\/\\\/lamaisonducinema.com\\\/en\\\/\",\"name\":\"La maison du cin\u00e9ma\",\"description\":\"Cin\u00e9ma au centre-ville de Sherbrooke\",\"publisher\":{\"@id\":\"https:\\\/\\\/lamaisonducinema.com\\\/en\\\/#organization\"},\"potentialAction\":[{\"@type\":\"SearchAction\",\"target\":{\"@type\":\"EntryPoint\",\"urlTemplate\":\"https:\\\/\\\/lamaisonducinema.com\\\/en\\\/?s={search_term_string}\"},\"query-input\":{\"@type\":\"PropertyValueSpecification\",\"valueRequired\":true,\"valueName\":\"search_term_string\"}}],\"inLanguage\":\"en-US\"},{\"@type\":\"Organization\",\"@id\":\"https:\\\/\\\/lamaisonducinema.com\\\/en\\\/#organization\",\"name\":\"La maison du cin\u00e9ma\",\"url\":\"https:\\\/\\\/lamaisonducinema.com\\\/en\\\/\",\"logo\":{\"@type\":\"ImageObject\",\"inLanguage\":\"en-US\",\"@id\":\"https:\\\/\\\/lamaisonducinema.com\\\/en\\\/#\\\/schema\\\/logo\\\/image\\\/\",\"url\":\"https:\\\/\\\/lamaisonducinema.com\\\/wp-content\\\/uploads\\\/logo.png\",\"contentUrl\":\"https:\\\/\\\/lamaisonducinema.com\\\/wp-content\\\/uploads\\\/logo.png\",\"width\":217,\"height\":30,\"caption\":\"La maison du cin\u00e9ma\"},\"image\":{\"@id\":\"https:\\\/\\\/lamaisonducinema.com\\\/en\\\/#\\\/schema\\\/logo\\\/image\\\/\"},\"sameAs\":[\"https:\\\/\\\/www.facebook.com\\\/maisonducinema\\\/\"]}]}<\/script>\n<!-- \/ Yoast SEO plugin. -->","yoast_head_json":{"title":"Aventuriers Voyageurs - Sherbrooke | Maison Du Cin\u00e9ma","description":"D\u00e9couvrez une vari\u00e9t\u00e9 de destinations gr\u00e2ce \u00e0 des films de voyage de grande qualit\u00e9 pr\u00e9sent\u00e9s en salle de cin\u00e9ma. Bon voyage !","robots":{"index":"index","follow":"follow","max-snippet":"max-snippet:-1","max-image-preview":"max-image-preview:large","max-video-preview":"max-video-preview:-1"},"canonical":"https:\/\/lamaisonducinema.com\/en\/aventuriers\/","og_locale":"en_US","og_type":"article","og_title":"Aventuriers Voyageurs - Sherbrooke | Maison Du Cin\u00e9ma","og_description":"D\u00e9couvrez une vari\u00e9t\u00e9 de destinations gr\u00e2ce \u00e0 des films de voyage de grande qualit\u00e9 pr\u00e9sent\u00e9s en salle de cin\u00e9ma. Bon voyage !","og_url":"https:\/\/lamaisonducinema.com\/en\/aventuriers\/","og_site_name":"La maison du cin\u00e9ma","article_publisher":"https:\/\/www.facebook.com\/maisonducinema\/","article_modified_time":"2025-09-04T14:03:25+00:00","og_image":[{"url":"http:\/\/lamaisonducinema.com\/wp-content\/uploads\/2014\/12\/maisonducinema.jpg","type":"","width":"","height":""}],"twitter_misc":{"Est. reading time":"1 minute"},"schema":{"@context":"https:\/\/schema.org","@graph":[{"@type":"WebPage","@id":"https:\/\/lamaisonducinema.com\/en\/aventuriers\/","url":"https:\/\/lamaisonducinema.com\/en\/aventuriers\/","name":"Aventuriers Voyageurs - Sherbrooke | Maison Du Cin\u00e9ma","isPartOf":{"@id":"https:\/\/lamaisonducinema.com\/en\/#website"},"datePublished":"2014-12-09T15:06:55+00:00","dateModified":"2025-09-04T14:03:25+00:00","description":"D\u00e9couvrez une vari\u00e9t\u00e9 de destinations gr\u00e2ce \u00e0 des films de voyage de grande qualit\u00e9 pr\u00e9sent\u00e9s en salle de cin\u00e9ma. Bon voyage !","breadcrumb":{"@id":"https:\/\/lamaisonducinema.com\/en\/aventuriers\/#breadcrumb"},"inLanguage":"en-US","potentialAction":[{"@type":"ReadAction","target":["https:\/\/lamaisonducinema.com\/en\/aventuriers\/"]}]},{"@type":"BreadcrumbList","@id":"https:\/\/lamaisonducinema.com\/en\/aventuriers\/#breadcrumb","itemListElement":[{"@type":"ListItem","position":1,"name":"Accueil","item":"https:\/\/lamaisonducinema.com\/en\/"},{"@type":"ListItem","position":2,"name":"Les Aventuriers Voyageurs"}]},{"@type":"WebSite","@id":"https:\/\/lamaisonducinema.com\/en\/#website","url":"https:\/\/lamaisonducinema.com\/en\/","name":"La maison du cin\u00e9ma","description":"Cin\u00e9ma au centre-ville de Sherbrooke","publisher":{"@id":"https:\/\/lamaisonducinema.com\/en\/#organization"},"potentialAction":[{"@type":"SearchAction","target":{"@type":"EntryPoint","urlTemplate":"https:\/\/lamaisonducinema.com\/en\/?s={search_term_string}"},"query-input":{"@type":"PropertyValueSpecification","valueRequired":true,"valueName":"search_term_string"}}],"inLanguage":"en-US"},{"@type":"Organization","@id":"https:\/\/lamaisonducinema.com\/en\/#organization","name":"La maison du cin\u00e9ma","url":"https:\/\/lamaisonducinema.com\/en\/","logo":{"@type":"ImageObject","inLanguage":"en-US","@id":"https:\/\/lamaisonducinema.com\/en\/#\/schema\/logo\/image\/","url":"https:\/\/lamaisonducinema.com\/wp-content\/uploads\/logo.png","contentUrl":"https:\/\/lamaisonducinema.com\/wp-content\/uploads\/logo.png","width":217,"height":30,"caption":"La maison du cin\u00e9ma"},"image":{"@id":"https:\/\/lamaisonducinema.com\/en\/#\/schema\/logo\/image\/"},"sameAs":["https:\/\/www.facebook.com\/maisonducinema\/"]}]}},"_links":{"self":[{"href":"https:\/\/lamaisonducinema.com\/en\/wp-json\/wp\/v2\/pages\/10586","targetHints":{"allow":["GET"]}}],"collection":[{"href":"https:\/\/lamaisonducinema.com\/en\/wp-json\/wp\/v2\/pages"}],"about":[{"href":"https:\/\/lamaisonducinema.com\/en\/wp-json\/wp\/v2\/types\/page"}],"author":[{"embeddable":true,"href":"https:\/\/lamaisonducinema.com\/en\/wp-json\/wp\/v2\/users\/1"}],"replies":[{"embeddable":true,"href":"https:\/\/lamaisonducinema.com\/en\/wp-json\/wp\/v2\/comments?post=10586"}],"version-history":[{"count":3,"href":"https:\/\/lamaisonducinema.com\/en\/wp-json\/wp\/v2\/pages\/10586\/revisions"}],"predecessor-version":[{"id":35904,"href":"https:\/\/lamaisonducinema.com\/en\/wp-json\/wp\/v2\/pages\/10586\/revisions\/35904"}],"wp:attachment":[{"href":"https:\/\/lamaisonducinema.com\/en\/wp-json\/wp\/v2\/media?parent=10586"}],"curies":[{"name":"wp","href":"https:\/\/api.w.org\/{rel}","templated":true}]}}